{"id":6,"date":"2011-02-09T19:16:34","date_gmt":"2011-02-09T19:16:34","guid":{"rendered":"http:\/\/www.critical-mass-cologne.de\/?page_id=6"},"modified":"2011-02-09T19:53:52","modified_gmt":"2011-02-09T19:53:52","slug":"wie-verhalt-man-sich","status":"publish","type":"page","link":"http:\/\/www.critical-mass-cologne.de\/?page_id=6","title":{"rendered":"Wie verh\u00e4lt man sich?"},"content":{"rendered":"<p><span style=\"text-decoration: underline;\"><strong>Verhalten bei der Critical Mass:<\/strong><\/span><\/p>\n<p>-Die Gruppe f\u00e4hrt auf einer Spur.<br \/>\n-Die Gruppe bleibt kompakt und beisammen um durch den motorisierten Verkehr nicht zerrissen zu werden.<br \/>\n-Alles bleibt friedlich und l\u00e4sst sich durch aggressive Autofahrer nicht  provozieren. Der Verkehr wird nicht absichtlich gest\u00f6rt,es geht nicht  um Verkehrsbehinderung anderer, sondern darum, sich als unmotorisierter  Verkehrsteilnehmer ein St\u00fcck \u00f6ffentlichen Lebensraumes, die Strasse,  zumindest zeitweilig zur\u00fcckzuerobern.<br \/>\n-Das Motto lautet: \u201cWir behindern nicht den Verkehr, sondern sind Verkehr !\u201c<br \/>\n-Es gibt keinen Organisator oder Anf\u00fchrer, auch wenn die Polizei vielleicht noch so gerne einen h\u00e4tte.<br \/>\n-Die Geschwindigkeit bleibt moderat, so ca.15 Km\/h.<br \/>\n-Jeder der mitf\u00e4hrt ist nat\u00fcrlich f\u00fcr sich selbst verantwortlich.<\/p>\n<div style=\"padding-bottom:20px; padding-top:10px;\" class=\"hupso-share-buttons\"><!-- Hupso Share Buttons - https:\/\/www.hupso.com\/share\/ --><a class=\"hupso_counters\" href=\"https:\/\/www.hupso.com\/share\/\"><img decoding=\"async\" src=\"http:\/\/static.hupso.com\/share\/buttons\/lang\/de\/share-small.png\" style=\"border:0px; padding-top:2px; float:left;\" alt=\"Share Button\"\/><\/a><script type=\"text\/javascript\">var hupso_services_c=new Array(\"twitter\",\"facebook_like\",\"facebook_send\",\"email\");var hupso_counters_lang = \"de_DE\";var hupso_image_folder_url = \"\";var hupso_url_c=\"\";var hupso_title_c=\"Wie%20verh%C3%A4lt%20man%20sich%3F\";<\/script><script type=\"text\/javascript\" src=\"http:\/\/static.hupso.com\/share\/js\/counters.js\"><\/script><!-- Hupso Share Buttons --><\/div>","protected":false},"excerpt":{"rendered":"<p>Verhalten bei der Critical Mass: -Die Gruppe f\u00e4hrt auf einer Spur. -Die Gruppe bleibt kompakt und beisammen um durch den motorisierten Verkehr nicht zerrissen zu werden. -Alles bleibt friedlich und l\u00e4sst sich durch aggressive Autofahrer nicht provozieren. Der Verkehr wird &hellip; <a href=\"http:\/\/www.critical-mass-cologne.de\/?page_id=6\">Weiterlesen <span class=\"meta-nav\">&rarr;<\/span><\/a><\/p>\n<div style=\"padding-bottom:20px; padding-top:10px;\" class=\"hupso-share-buttons\"><!-- Hupso Share Buttons - https:\/\/www.hupso.com\/share\/ --><a class=\"hupso_counters\" href=\"https:\/\/www.hupso.com\/share\/\"><img src=\"http:\/\/static.hupso.com\/share\/buttons\/lang\/de\/share-small.png\" style=\"border:0px; padding-top:2px; float:left;\" alt=\"Share Button\"\/><\/a><script type=\"text\/javascript\">var hupso_services_c=new Array(\"twitter\",\"facebook_like\",\"facebook_send\",\"email\");var hupso_counters_lang = \"de_DE\";var hupso_image_folder_url = \"\";var hupso_url_c=\"\";var hupso_title_c=\"Wie%20verh%C3%A4lt%20man%20sich%3F\";<\/script><script type=\"text\/javascript\" src=\"http:\/\/static.hupso.com\/share\/js\/counters.js\"><\/script><!-- Hupso Share Buttons --><\/div>","protected":false},"author":1,"featured_media":0,"parent":0,"menu_order":0,"comment_status":"open","ping_status":"open","template":"","meta":{"footnotes":""},"class_list":["post-6","page","type-page","status-publish","hentry"],"_links":{"self":[{"href":"http:\/\/www.critical-mass-cologne.de\/index.php?rest_route=\/wp\/v2\/pages\/6","targetHints":{"allow":["GET"]}}],"collection":[{"href":"http:\/\/www.critical-mass-cologne.de\/index.php?rest_route=\/wp\/v2\/pages"}],"about":[{"href":"http:\/\/www.critical-mass-cologne.de\/index.php?rest_route=\/wp\/v2\/types\/page"}],"author":[{"embeddable":true,"href":"http:\/\/www.critical-mass-cologne.de\/index.php?rest_route=\/wp\/v2\/users\/1"}],"replies":[{"embeddable":true,"href":"http:\/\/www.critical-mass-cologne.de\/index.php?rest_route=%2Fwp%2Fv2%2Fcomments&post=6"}],"version-history":[{"count":4,"href":"http:\/\/www.critical-mass-cologne.de\/index.php?rest_route=\/wp\/v2\/pages\/6\/revisions"}],"predecessor-version":[{"id":9,"href":"http:\/\/www.critical-mass-cologne.de\/index.php?rest_route=\/wp\/v2\/pages\/6\/revisions\/9"}],"wp:attachment":[{"href":"http:\/\/www.critical-mass-cologne.de\/index.php?rest_route=%2Fwp%2Fv2%2Fmedia&parent=6"}],"curies":[{"name":"wp","href":"https:\/\/api.w.org\/{rel}","templated":true}]}}