{"id":31,"date":"2011-02-09T20:45:35","date_gmt":"2011-02-09T20:45:35","guid":{"rendered":"http:\/\/www.critical-mass-cologne.de\/?page_id=31"},"modified":"2012-11-05T14:00:34","modified_gmt":"2012-11-05T13:00:34","slug":"do-simmer-dabei","status":"publish","type":"page","link":"http:\/\/www.critical-mass-cologne.de\/?page_id=31","title":{"rendered":"do simmer dabei!"},"content":{"rendered":"<p>Jeder kann dazu beitragen, dass die Critical Mass in K\u00f6ln eine echte Masse wird! Kreativit\u00e4t, Spontanit\u00e4t und Tatendrang sind gefragt:<\/p>\n<p>-mitfahren! (jeden letzten Freitag im Monat am Rudolfplatz, 17:30 Uhr)<\/p>\n<p>-Flyer, Plakate, etc. basteln, verteilen&#8230;<\/p>\n<p>-Freunde einladen und mitbringen<\/p>\n<p>-bring deine Ideen ein &#8211; ob bunte Verkleidung, besonderes Motto, oder auch mal gar keine Kleidung?! Alles ist m\u00f6glich!<\/p>\n<p>-mach die Critical Mass bekannt: \u00fcber Internet, Mund-zu-Mund-Propaganda, &#8230;<\/p>\n<p>und alles was dir sonst noch einf\u00e4llt!<\/p>\n<div style=\"padding-bottom:20px; padding-top:10px;\" class=\"hupso-share-buttons\"><!-- Hupso Share Buttons - https:\/\/www.hupso.com\/share\/ --><a class=\"hupso_counters\" href=\"https:\/\/www.hupso.com\/share\/\"><img decoding=\"async\" src=\"http:\/\/static.hupso.com\/share\/buttons\/lang\/de\/share-small.png\" style=\"border:0px; padding-top:2px; float:left;\" alt=\"Share Button\"\/><\/a><script type=\"text\/javascript\">var hupso_services_c=new Array(\"twitter\",\"facebook_like\",\"facebook_send\",\"email\");var hupso_counters_lang = \"de_DE\";var hupso_image_folder_url = \"\";var hupso_url_c=\"\";var hupso_title_c=\"do%20simmer%20dabei%21\";<\/script><script type=\"text\/javascript\" src=\"http:\/\/static.hupso.com\/share\/js\/counters.js\"><\/script><!-- Hupso Share Buttons --><\/div>","protected":false},"excerpt":{"rendered":"<p>Jeder kann dazu beitragen, dass die Critical Mass in K\u00f6ln eine echte Masse wird! Kreativit\u00e4t, Spontanit\u00e4t und Tatendrang sind gefragt: -mitfahren! (jeden letzten Freitag im Monat am Rudolfplatz, 17:30 Uhr) -Flyer, Plakate, etc. basteln, verteilen&#8230; -Freunde einladen und mitbringen -bring &hellip; <a href=\"http:\/\/www.critical-mass-cologne.de\/?page_id=31\">Weiterlesen <span class=\"meta-nav\">&rarr;<\/span><\/a><\/p>\n<div style=\"padding-bottom:20px; padding-top:10px;\" class=\"hupso-share-buttons\"><!-- Hupso Share Buttons - https:\/\/www.hupso.com\/share\/ --><a class=\"hupso_counters\" href=\"https:\/\/www.hupso.com\/share\/\"><img src=\"http:\/\/static.hupso.com\/share\/buttons\/lang\/de\/share-small.png\" style=\"border:0px; padding-top:2px; float:left;\" alt=\"Share Button\"\/><\/a><script type=\"text\/javascript\">var hupso_services_c=new Array(\"twitter\",\"facebook_like\",\"facebook_send\",\"email\");var hupso_counters_lang = \"de_DE\";var hupso_image_folder_url = \"\";var hupso_url_c=\"\";var hupso_title_c=\"do%20simmer%20dabei%21\";<\/script><script type=\"text\/javascript\" src=\"http:\/\/static.hupso.com\/share\/js\/counters.js\"><\/script><!-- Hupso Share Buttons --><\/div>","protected":false},"author":3,"featured_media":0,"parent":0,"menu_order":0,"comment_status":"open","ping_status":"open","template":"","meta":{"footnotes":""},"class_list":["post-31","page","type-page","status-publish","hentry"],"_links":{"self":[{"href":"http:\/\/www.critical-mass-cologne.de\/index.php?rest_route=\/wp\/v2\/pages\/31","targetHints":{"allow":["GET"]}}],"collection":[{"href":"http:\/\/www.critical-mass-cologne.de\/index.php?rest_route=\/wp\/v2\/pages"}],"about":[{"href":"http:\/\/www.critical-mass-cologne.de\/index.php?rest_route=\/wp\/v2\/types\/page"}],"author":[{"embeddable":true,"href":"http:\/\/www.critical-mass-cologne.de\/index.php?rest_route=\/wp\/v2\/users\/3"}],"replies":[{"embeddable":true,"href":"http:\/\/www.critical-mass-cologne.de\/index.php?rest_route=%2Fwp%2Fv2%2Fcomments&post=31"}],"version-history":[{"count":4,"href":"http:\/\/www.critical-mass-cologne.de\/index.php?rest_route=\/wp\/v2\/pages\/31\/revisions"}],"predecessor-version":[{"id":410,"href":"http:\/\/www.critical-mass-cologne.de\/index.php?rest_route=\/wp\/v2\/pages\/31\/revisions\/410"}],"wp:attachment":[{"href":"http:\/\/www.critical-mass-cologne.de\/index.php?rest_route=%2Fwp%2Fv2%2Fmedia&parent=31"}],"curies":[{"name":"wp","href":"https:\/\/api.w.org\/{rel}","templated":true}]}}